{"id":322,"date":"2021-03-08T18:47:30","date_gmt":"2021-03-08T17:47:30","guid":{"rendered":"https:\/\/www.scenarii.be\/?page_id=322"},"modified":"2026-03-11T11:57:11","modified_gmt":"2026-03-11T10:57:11","slug":"enfance","status":"publish","type":"page","link":"https:\/\/www.scenarii.be\/enfance\/","title":{"rendered":"Enfance"},"content":{"rendered":"\n<div class=\"et_pb_section_0 et_pb_section et_pb_fullwidth_section et_section_regular et_block_section\"><div class=\"et_pb_fullwidth_slider_0 et_pb_slider et_pb_module\"><div class=\"et_pb_slides\"><div class=\"et_pb_slide_0 et_pb_slide et_pb_media_alignment_center et_pb_bg_layout_dark et_pb_text_align_center\" data-slide-id=\"divi\/slide-0\"><div class=\"et_pb_container\"><div class=\"et_pb_slider_container_inner\"><div class=\"et_pb_slide_description\"><\/div><\/div><\/div><\/div><div class=\"et_pb_slide_1 et_pb_slide et_pb_media_alignment_center et_pb_bg_layout_dark et_pb_text_align_center\" data-slide-id=\"divi\/slide-1\"><div class=\"et_pb_container\"><div class=\"et_pb_slider_container_inner\"><div class=\"et_pb_slide_description\"><\/div><\/div><\/div><\/div><div class=\"et_pb_slide_2 et_pb_slide et_pb_media_alignment_center et_pb_bg_layout_dark et_pb_text_align_center\" data-slide-id=\"divi\/slide-2\"><div class=\"et_pb_container\"><div class=\"et_pb_slider_container_inner\"><div class=\"et_pb_slide_description\"><\/div><\/div><\/div><\/div><div class=\"et_pb_slide_3 et_pb_slide et_pb_media_alignment_center et_pb_bg_layout_dark et_pb_text_align_center\" data-slide-id=\"divi\/slide-3\"><div class=\"et_pb_container\"><div class=\"et_pb_slider_container_inner\"><div class=\"et_pb_slide_description\"><\/div><\/div><\/div><\/div><\/div><\/div><\/div><div class=\"et_pb_section_1 et_pb_section et_section_regular et_block_section\"><div class=\"et_pb_row_0 et_pb_row et_block_row\"><div class=\"et_pb_column_0 et_pb_column et_pb_column_4_4 et-last-child et_block_column et_pb_css_mix_blend_mode_passthrough\"><div class=\"et_pb_text_0 et_pb_text et_pb_bg_layout_light et_pb_module et_block_module et_pb_text_align_center-phone\"><div class=\"et_pb_text_inner\"><h1><span style=\"font-size: xx-large;\">Quand on a que l'enfance<br \/><\/span><\/h1>\n<p><span style=\"font-size: large;\">Un d<\/span><span style=\"font-size: large;\">ocumentaire de Alain Bertrand - 52'<br \/><\/span><\/p>\n<\/div><\/div><\/div><\/div><div class=\"et_pb_row_1 et_pb_row et_block_row\"><div class=\"et_pb_column_1 et_pb_column et_pb_column_4_4 et-last-child et_block_column et_pb_css_mix_blend_mode_passthrough\"><div class=\"et_pb_divider_0 et_pb_divider et_pb_space et_pb_divider_position_top et_pb_module\"><div class=\"et_pb_divider_internal\"><\/div><\/div><div class=\"et_pb_text_1 et_pb_text et_pb_bg_layout_light et_pb_module et_block_module\"><div class=\"et_pb_text_inner\"><h1>Presse<em><\/em><\/h1>\n<h3><em><\/em><\/h3>\n<\/div><\/div><\/div><\/div><div class=\"et_pb_row_2 et_pb_row et_pb_row_4col et_pb_equal_columns et_block_row et_block_row_4col\"><div class=\"et_pb_column_2 et_pb_column et_pb_column_1_4 et_block_column et_pb_css_mix_blend_mode_passthrough\"><div class=\"et_pb_text_2 et_pb_text et_pb_bg_layout_light et_pb_module et_block_module\"><div class=\"et_pb_text_inner\"><p style=\"text-align: center;\">Moustique 17\/03\/2021<em><\/em><\/p>\n<\/div><\/div><div class=\"et_pb_text_3 et_pb_text et_pb_bg_layout_light et_pb_module et_block_module\"><div class=\"et_pb_text_inner\"><h1><a href=\"https:\/\/www.scenarii.be\/wp-content\/uploads\/2021\/03\/Quand-on-a-que-lenfance_20210317_moustique.pdf\" target=\"_blank\" rel=\"noopener\"><img loading=\"lazy\" decoding=\"async\" src=\"https:\/\/www.scenarii.be\/wp-content\/uploads\/2021\/03\/Quand-on-a-que-lenfance_20210317_moustique.png\" alt=\"\" class=\"wp-image-553 alignnone size-full\" style=\"display: block; margin-left: auto; margin-right: auto;\" width=\"177\" height=\"259\" \/><\/a><br \/><em><\/em><\/h1>\n<\/div><\/div><\/div><div class=\"et_pb_column_3 et_pb_column et_pb_column_1_4 et_block_column et_pb_css_mix_blend_mode_passthrough\"><div class=\"et_pb_text_4 et_pb_text et_pb_bg_layout_light et_pb_module et_block_module\"><div class=\"et_pb_text_inner\"><p style=\"text-align: center;\">T\u00e9l\u00e9 Pocket 18\/03\/2021<em><\/em><\/p>\n<\/div><\/div><div class=\"et_pb_text_5 et_pb_text et_pb_bg_layout_light et_pb_module et_block_module\"><div class=\"et_pb_text_inner\"><p><a href=\"https:\/\/www.scenarii.be\/wp-content\/uploads\/2021\/03\/Quand-on-a-que-lenfance-20210318_t-l-pocket.pdf\" target=\"_blank\" rel=\"noopener\"><img loading=\"lazy\" decoding=\"async\" src=\"https:\/\/www.scenarii.be\/wp-content\/uploads\/2021\/03\/Quand-on-a-que-lenfance-20210318_t-l-pocket.png\" alt=\"\" class=\"wp-image-552 alignnone size-full\" style=\"display: block; margin-left: auto; margin-right: auto;\" width=\"172\" height=\"249\" \/><\/a><\/p>\n<\/div><\/div><\/div><div class=\"et_pb_column_4 et_pb_column et_pb_column_1_4 et_block_column et_pb_css_mix_blend_mode_passthrough\"><div class=\"et_pb_text_6 et_pb_text et_pb_bg_layout_light et_pb_module et_block_module\"><div class=\"et_pb_text_inner\"><p style=\"text-align: center;\">L'Avenir 22\/03\/2021<em><\/em><\/p>\n<\/div><\/div><div class=\"et_pb_text_7 et_pb_text et_pb_bg_layout_light et_pb_module et_block_module\"><div class=\"et_pb_text_inner\"><p><a href=\"https:\/\/www.scenarii.be\/wp-content\/uploads\/2021\/03\/Quand-on-a-que-lenfance_20210322_l-avenir-huy-waremme.pdf\" target=\"_blank\" rel=\"noopener\"><img loading=\"lazy\" decoding=\"async\" src=\"https:\/\/www.scenarii.be\/wp-content\/uploads\/2021\/03\/Quand-on-a-que-lenfance_20210322_l-avenir-huy-waremme.png\" alt=\"\" class=\"wp-image-554 alignnone size-full\" style=\"display: block; margin-left: auto; margin-right: auto;\" width=\"173\" height=\"245\" \/><\/a><\/p>\n<\/div><\/div><\/div><div class=\"et_pb_column_5 et_pb_column et_pb_column_1_4 et-last-child et_block_column et_pb_css_mix_blend_mode_passthrough\"><div class=\"et_pb_text_8 et_pb_text et_pb_bg_layout_light et_pb_module et_block_module\"><div class=\"et_pb_text_inner\"><p style=\"text-align: center;\">Flair 22\/03\/2021<em><\/em><\/p>\n<\/div><\/div><div class=\"et_pb_text_9 et_pb_text et_pb_bg_layout_light et_pb_module et_block_module\"><div class=\"et_pb_text_inner\"><p><a href=\"https:\/\/www.flair.be\/fr\/culture\/ce-soir-tele-documentaire-enfants-places\/\" target=\"_blank\" rel=\"noopener\"> <img loading=\"lazy\" decoding=\"async\" src=\"https:\/\/www.scenarii.be\/wp-content\/uploads\/2021\/03\/Quand-on-a-que-lenfance_20210322_flair.png\" alt=\"\" class=\"wp-image-565 alignnone size-full\" style=\"display: block; margin-left: auto; margin-right: auto;\" width=\"182\" height=\"257\" srcset=\"https:\/\/www.scenarii.be\/wp-content\/uploads\/2021\/03\/Quand-on-a-que-lenfance_20210322_flair.png 456w, https:\/\/www.scenarii.be\/wp-content\/uploads\/2021\/03\/Quand-on-a-que-lenfance_20210322_flair-213x300.png 213w\" sizes=\"(max-width: 182px) 100vw, 182px\" \/><\/a><\/p>\n<\/div><\/div><\/div><\/div><div class=\"et_pb_row_3 et_pb_row et_pb_row_4col et_pb_equal_columns et_block_row et_block_row_4col\"><div class=\"et_pb_column_6 et_pb_column et_pb_column_1_4 et_block_column et_pb_css_mix_blend_mode_passthrough\"><div class=\"et_pb_text_10 et_pb_text et_pb_bg_layout_light et_pb_module et_block_module\"><div class=\"et_pb_text_inner\"><p style=\"text-align: center;\">RTBF 17\/03\/2021<em><\/em><\/p>\n<\/div><\/div><\/div><div class=\"et_pb_column_7 et_pb_column et_pb_column_1_4 et_block_column et_pb_column_empty et_pb_css_mix_blend_mode_passthrough\"><\/div><div class=\"et_pb_column_8 et_pb_column et_pb_column_1_4 et_block_column et_pb_column_empty et_pb_css_mix_blend_mode_passthrough\"><\/div><div class=\"et_pb_column_9 et_pb_column et_pb_column_1_4 et-last-child et_block_column et_pb_column_empty et_pb_css_mix_blend_mode_passthrough\"><\/div><\/div><div class=\"et_pb_row_4 et_pb_row et_block_row\"><div class=\"et_pb_column_10 et_pb_column et_pb_column_4_4 et-last-child et_block_column et_pb_css_mix_blend_mode_passthrough\"><div class=\"et_pb_divider_1 et_pb_divider et_pb_space et_pb_divider_position_top et_pb_module\"><div class=\"et_pb_divider_internal\"><\/div><\/div><div class=\"et_pb_text_11 et_pb_text et_pb_bg_layout_light et_pb_module et_block_module\"><div class=\"et_pb_text_inner\"><h3><em>\"Si j'ai les yeux rougis, le c\u0153ur lourd et l\u00e9ger, c'est que je viens de voir ce film, beau et bouleversant.<\/em><br \/><em> C'est simple, sans pr\u00e9tention (dans le meilleur sens du terme !), c'est transparent, sinc\u00e8re.<\/em><br \/><em> En quelques minutes on ressent tout : le d\u00e9vouement, la fatigue, la beaut\u00e9 de l'enfance et sa duret\u00e9.\"<\/em><\/h3>\n<h3>- Cristian<\/h3>\n<h3><em><br \/>\"La pudeur, c'est un regard ou une cam\u00e9ra, qui montre la beaut\u00e9, pour comprendre\u00a0la souffrance.<\/em><br \/><em> La tendresse caresse la blessure, la transforme en espoir<\/em><em>...\"<\/em><\/h3>\n<h3><em><\/em><\/h3>\n<h3>- Philippe<\/h3>\n<h3><em><\/em><\/h3>\n<h3><em><br \/>\"Coucou on vient de visionner ton doc c'est hyper touchant et tr\u00e8s optimiste c'est beau !\"<\/em><\/h3>\n<h3><em>- <\/em>C\u00e9line<\/h3>\n<h3><\/h3>\n<p>&nbsp;<\/p>\n<\/div><\/div><\/div><\/div><\/div><div class=\"et_pb_section_2 et_pb_section et_section_regular et_block_section\"><div class=\"et_pb_row_5 et_pb_row et_block_row\"><div class=\"et_pb_column_11 et_pb_column et_pb_column_4_4 et-last-child et_block_column et_pb_css_mix_blend_mode_passthrough\"><div class=\"et_pb_text_12 et_pb_text et_pb_bg_layout_light et_pb_module et_block_module\"><div class=\"et_pb_text_inner\"><h1>Bande annonce<\/h1>\n<\/div><\/div><div class=\"et_pb_text_13 et_pb_text et_pb_bg_layout_light et_pb_module et_block_module\"><div class=\"et_pb_text_inner\"><h4><span><\/span><\/h4>\n<h4><span>De nombreux enfants n\u2019ont pas la chance de vivre dans leurs familles, que ce soit pour des raisons sociologiques, \u00e9conomiques ou autres, et se retrouvent pour des p\u00e9riodes plus ou moins longues plac\u00e9s dans des centres d\u2019accueil.<\/span><span>\u00a0<\/span><\/h4>\n<h4><span>\u00ab\u00a0Quand on a que l\u2019enfance\u00a0\u00bb est le portrait sans jugement d\u2019un service r\u00e9sidentiel g\u00e9n\u00e9ral (SRG), bas\u00e9 \u00e0 Bois de Villers, qui accueille une vingtaine d\u2019enfants.<\/span><\/h4>\n<\/div><\/div><div class=\"et_pb_video_0 et_pb_video et_pb_module et_block_module\"><div class=\"et_pb_video_box\"><video controls><source type=\"video\/mp4\" src=\"https:\/\/www.scenarii.be\/wp-content\/uploads\/2021\/03\/Quand-on-a-que-lenfance_Bande-Annonce-142_HD_H264-1.mp4\" \/><\/video><\/div><div class=\"et_pb_video_overlay\" style=\"background-image:url(https:\/\/www.scenarii.be\/wp-content\/uploads\/2021\/03\/Quand-on-a-que-lenfance-teaser.png)\"><div class=\"et_pb_video_overlay_hover\"><a class=\"et_pb_video_play\" href=\"#\"><\/a><\/div><\/div><\/div><\/div><\/div><\/div><div class=\"et_pb_section_3 et_pb_section et_section_regular et_block_section\"><div class=\"et_pb_row_6 et_pb_row et_pb_equal_columns et_pb_gutters2 et_block_row\"><div class=\"et_pb_column_12 et_pb_column et_pb_column_4_4 et-last-child et_block_column et_pb_css_mix_blend_mode_passthrough\"><div class=\"et_pb_text_14 et_pb_text et_pb_bg_layout_light et_pb_module et_block_module\"><div class=\"et_pb_text_inner\"><h1>Portfolio<\/h1>\n<\/div><\/div><div class=\"et_pb_gallery_0 et_pb_gallery et_pb_bg_layout_light et_pb_gallery_grid et_pb_module\" data-auto-rotate=\"off\" data-auto-rotate-speed=\"\"><div class=\"et_pb_gallery_items et_post_gallery clearfix et_grid_module\" data-per_page=\"12\"><div class=\"et_pb_gallery_item et_pb_grid_item et_pb_gallery_item_0_0\"><div class=\"et_pb_gallery_image landscape\" data-per_page=\"12\"><a href=\"https:\/\/www.scenarii.be\/wp-content\/uploads\/2021\/03\/10.png\" title=\"10\"><img loading=\"lazy\" decoding=\"async\" width=\"400\" height=\"284\" src=\"https:\/\/www.scenarii.be\/wp-content\/uploads\/2021\/03\/10-400x284.png\" alt=\"\" class=\"wp-image-334\" srcset=\"https:\/\/www.scenarii.be\/wp-content\/uploads\/2021\/03\/10.png 479w, https:\/\/www.scenarii.be\/wp-content\/uploads\/2021\/03\/10-400x284.png 480w\" sizes=\"(max-width:479px) 479px, 100vw\" \/><span class=\"et_overlay\" data-icon=\"\" data-icon-tablet=\"\" data-icon-phone=\"\"><\/span><\/a><\/div><\/div><div class=\"et_pb_gallery_item et_pb_grid_item et_pb_gallery_item_0_1\"><div class=\"et_pb_gallery_image landscape\" data-per_page=\"12\"><a href=\"https:\/\/www.scenarii.be\/wp-content\/uploads\/2021\/03\/09.png\" title=\"09\"><img loading=\"lazy\" decoding=\"async\" width=\"400\" height=\"284\" src=\"https:\/\/www.scenarii.be\/wp-content\/uploads\/2021\/03\/09-400x284.png\" alt=\"\" class=\"wp-image-333\" srcset=\"https:\/\/www.scenarii.be\/wp-content\/uploads\/2021\/03\/09.png 479w, https:\/\/www.scenarii.be\/wp-content\/uploads\/2021\/03\/09-400x284.png 480w\" sizes=\"(max-width:479px) 479px, 100vw\" \/><span class=\"et_overlay\" data-icon=\"\" data-icon-tablet=\"\" data-icon-phone=\"\"><\/span><\/a><\/div><\/div><div class=\"et_pb_gallery_item et_pb_grid_item et_pb_gallery_item_0_2\"><div class=\"et_pb_gallery_image landscape\" data-per_page=\"12\"><a href=\"https:\/\/www.scenarii.be\/wp-content\/uploads\/2021\/03\/12.png\" title=\"12\"><img loading=\"lazy\" decoding=\"async\" width=\"400\" height=\"284\" src=\"https:\/\/www.scenarii.be\/wp-content\/uploads\/2021\/03\/12-400x284.png\" alt=\"\" class=\"wp-image-336\" srcset=\"https:\/\/www.scenarii.be\/wp-content\/uploads\/2021\/03\/12.png 479w, https:\/\/www.scenarii.be\/wp-content\/uploads\/2021\/03\/12-400x284.png 480w\" sizes=\"(max-width:479px) 479px, 100vw\" \/><span class=\"et_overlay\" data-icon=\"\" data-icon-tablet=\"\" data-icon-phone=\"\"><\/span><\/a><\/div><\/div><div class=\"et_pb_gallery_item et_pb_grid_item et_pb_gallery_item_0_3\"><div class=\"et_pb_gallery_image landscape\" data-per_page=\"12\"><a href=\"https:\/\/www.scenarii.be\/wp-content\/uploads\/2021\/03\/13.png\" title=\"13\"><img loading=\"lazy\" decoding=\"async\" width=\"400\" height=\"284\" src=\"https:\/\/www.scenarii.be\/wp-content\/uploads\/2021\/03\/13-400x284.png\" alt=\"\" class=\"wp-image-337\" srcset=\"https:\/\/www.scenarii.be\/wp-content\/uploads\/2021\/03\/13.png 479w, https:\/\/www.scenarii.be\/wp-content\/uploads\/2021\/03\/13-400x284.png 480w\" sizes=\"(max-width:479px) 479px, 100vw\" \/><span class=\"et_overlay\" data-icon=\"\" data-icon-tablet=\"\" data-icon-phone=\"\"><\/span><\/a><\/div><\/div><div class=\"et_pb_gallery_item et_pb_grid_item et_pb_gallery_item_0_4\"><div class=\"et_pb_gallery_image landscape\" data-per_page=\"12\"><a href=\"https:\/\/www.scenarii.be\/wp-content\/uploads\/2021\/03\/01.png\" title=\"01\"><img loading=\"lazy\" decoding=\"async\" width=\"400\" height=\"284\" src=\"https:\/\/www.scenarii.be\/wp-content\/uploads\/2021\/03\/01-400x284.png\" alt=\"\" class=\"wp-image-325\" srcset=\"https:\/\/www.scenarii.be\/wp-content\/uploads\/2021\/03\/01.png 479w, https:\/\/www.scenarii.be\/wp-content\/uploads\/2021\/03\/01-400x284.png 480w\" sizes=\"(max-width:479px) 479px, 100vw\" \/><span class=\"et_overlay\" data-icon=\"\" data-icon-tablet=\"\" data-icon-phone=\"\"><\/span><\/a><\/div><\/div><div class=\"et_pb_gallery_item et_pb_grid_item et_pb_gallery_item_0_5\"><div class=\"et_pb_gallery_image landscape\" data-per_page=\"12\"><a href=\"https:\/\/www.scenarii.be\/wp-content\/uploads\/2021\/03\/03.png\" title=\"03\"><img loading=\"lazy\" decoding=\"async\" width=\"400\" height=\"284\" src=\"https:\/\/www.scenarii.be\/wp-content\/uploads\/2021\/03\/03-400x284.png\" alt=\"\" class=\"wp-image-327\" srcset=\"https:\/\/www.scenarii.be\/wp-content\/uploads\/2021\/03\/03.png 479w, https:\/\/www.scenarii.be\/wp-content\/uploads\/2021\/03\/03-400x284.png 480w\" sizes=\"(max-width:479px) 479px, 100vw\" \/><span class=\"et_overlay\" data-icon=\"\" data-icon-tablet=\"\" data-icon-phone=\"\"><\/span><\/a><\/div><\/div><div class=\"et_pb_gallery_item et_pb_grid_item et_pb_gallery_item_0_6\"><div class=\"et_pb_gallery_image landscape\" data-per_page=\"12\"><a href=\"https:\/\/www.scenarii.be\/wp-content\/uploads\/2021\/03\/04.png\" title=\"04\"><img loading=\"lazy\" decoding=\"async\" width=\"400\" height=\"284\" src=\"https:\/\/www.scenarii.be\/wp-content\/uploads\/2021\/03\/04-400x284.png\" alt=\"\" class=\"wp-image-328\" srcset=\"https:\/\/www.scenarii.be\/wp-content\/uploads\/2021\/03\/04.png 479w, https:\/\/www.scenarii.be\/wp-content\/uploads\/2021\/03\/04-400x284.png 480w\" sizes=\"(max-width:479px) 479px, 100vw\" \/><span class=\"et_overlay\" data-icon=\"\" data-icon-tablet=\"\" data-icon-phone=\"\"><\/span><\/a><\/div><\/div><div class=\"et_pb_gallery_item et_pb_grid_item et_pb_gallery_item_0_7\"><div class=\"et_pb_gallery_image landscape\" data-per_page=\"12\"><a href=\"https:\/\/www.scenarii.be\/wp-content\/uploads\/2021\/03\/05.png\" title=\"05\"><img loading=\"lazy\" decoding=\"async\" width=\"400\" height=\"284\" src=\"https:\/\/www.scenarii.be\/wp-content\/uploads\/2021\/03\/05-400x284.png\" alt=\"\" class=\"wp-image-329\" srcset=\"https:\/\/www.scenarii.be\/wp-content\/uploads\/2021\/03\/05.png 479w, https:\/\/www.scenarii.be\/wp-content\/uploads\/2021\/03\/05-400x284.png 480w\" sizes=\"(max-width:479px) 479px, 100vw\" \/><span class=\"et_overlay\" data-icon=\"\" data-icon-tablet=\"\" data-icon-phone=\"\"><\/span><\/a><\/div><\/div><div class=\"et_pb_gallery_item et_pb_grid_item et_pb_gallery_item_0_8\"><div class=\"et_pb_gallery_image landscape\" data-per_page=\"12\"><a href=\"https:\/\/www.scenarii.be\/wp-content\/uploads\/2021\/03\/06.png\" title=\"06\"><img loading=\"lazy\" decoding=\"async\" width=\"400\" height=\"284\" src=\"https:\/\/www.scenarii.be\/wp-content\/uploads\/2021\/03\/06-400x284.png\" alt=\"\" class=\"wp-image-330\" srcset=\"https:\/\/www.scenarii.be\/wp-content\/uploads\/2021\/03\/06.png 479w, https:\/\/www.scenarii.be\/wp-content\/uploads\/2021\/03\/06-400x284.png 480w\" sizes=\"(max-width:479px) 479px, 100vw\" \/><span class=\"et_overlay\" data-icon=\"\" data-icon-tablet=\"\" data-icon-phone=\"\"><\/span><\/a><\/div><\/div><div class=\"et_pb_gallery_item et_pb_grid_item et_pb_gallery_item_0_9\"><div class=\"et_pb_gallery_image landscape\" data-per_page=\"12\"><a href=\"https:\/\/www.scenarii.be\/wp-content\/uploads\/2021\/03\/07.png\" title=\"07\"><img loading=\"lazy\" decoding=\"async\" width=\"400\" height=\"284\" src=\"https:\/\/www.scenarii.be\/wp-content\/uploads\/2021\/03\/07-400x284.png\" alt=\"\" class=\"wp-image-331\" srcset=\"https:\/\/www.scenarii.be\/wp-content\/uploads\/2021\/03\/07.png 479w, https:\/\/www.scenarii.be\/wp-content\/uploads\/2021\/03\/07-400x284.png 480w\" sizes=\"(max-width:479px) 479px, 100vw\" \/><span class=\"et_overlay\" data-icon=\"\" data-icon-tablet=\"\" data-icon-phone=\"\"><\/span><\/a><\/div><\/div><div class=\"et_pb_gallery_item et_pb_grid_item et_pb_gallery_item_0_10\"><div class=\"et_pb_gallery_image landscape\" data-per_page=\"12\"><a href=\"https:\/\/www.scenarii.be\/wp-content\/uploads\/2021\/03\/08.png\" title=\"08\"><img loading=\"lazy\" decoding=\"async\" width=\"400\" height=\"284\" src=\"https:\/\/www.scenarii.be\/wp-content\/uploads\/2021\/03\/08-400x284.png\" alt=\"\" class=\"wp-image-332\" srcset=\"https:\/\/www.scenarii.be\/wp-content\/uploads\/2021\/03\/08.png 479w, https:\/\/www.scenarii.be\/wp-content\/uploads\/2021\/03\/08-400x284.png 480w\" sizes=\"(max-width:479px) 479px, 100vw\" \/><span class=\"et_overlay\" data-icon=\"\" data-icon-tablet=\"\" data-icon-phone=\"\"><\/span><\/a><\/div><\/div><div class=\"et_pb_gallery_item et_pb_grid_item et_pb_gallery_item_0_11\"><div class=\"et_pb_gallery_image landscape\" data-per_page=\"12\"><a href=\"https:\/\/www.scenarii.be\/wp-content\/uploads\/2021\/03\/Capture-de\u0301cran-2021-02-22-a\u0300-13.35.38.png\" title=\"Capture d\u2019e\u0301cran 2021-02-22 a\u0300 13.35.38\"><img loading=\"lazy\" decoding=\"async\" width=\"400\" height=\"284\" src=\"https:\/\/www.scenarii.be\/wp-content\/uploads\/2021\/03\/Capture-de\u0301cran-2021-02-22-a\u0300-13.35.38-400x284.png\" alt=\"\" class=\"wp-image-494\" srcset=\"https:\/\/www.scenarii.be\/wp-content\/uploads\/2021\/03\/Capture-de\u0301cran-2021-02-22-a\u0300-13.35.38.png 479w, https:\/\/www.scenarii.be\/wp-content\/uploads\/2021\/03\/Capture-de\u0301cran-2021-02-22-a\u0300-13.35.38-400x284.png 480w\" sizes=\"(max-width:479px) 479px, 100vw\" \/><span class=\"et_overlay\" data-icon=\"\" data-icon-tablet=\"\" data-icon-phone=\"\"><\/span><\/a><\/div><\/div><\/div><\/div><\/div><\/div><\/div><div class=\"et_pb_section_4 et_pb_section et_section_regular et_block_section\"><div class=\"et_pb_row_7 et_pb_row et_block_row\"><div class=\"et_pb_column_13 et_pb_column et_pb_column_1_3 et_block_column et_pb_css_mix_blend_mode_passthrough\"><div class=\"et_pb_text_15 et_pb_text et_pb_bg_layout_light et_pb_module et_block_module\"><div class=\"et_pb_text_inner\"><p style=\"text-align: center;\">Images et r\u00e9alisation : Alain Bertrand<br \/>Montage et \u00e9talonnage : Laurent Hayot<br \/>Images additionnelles : Fran\u00e7ois Schmitt<br \/>Production : Scenarii ASBL<\/p>\n<\/div><\/div><\/div><div class=\"et_pb_column_14 et_pb_column et_pb_column_1_3 et_block_column et_pb_css_mix_blend_mode_passthrough\"><div class=\"et_pb_text_16 et_pb_text et_pb_bg_layout_light et_pb_module et_block_module\"><div class=\"et_pb_text_inner\"><p style=\"text-align: center;\">Contacts : Alain Bertrand<\/p>\n<p style=\"text-align: center;\"><a href=\"mailto:alain.bertrand99@gmail.com\"><img loading=\"lazy\" decoding=\"async\" src=\"https:\/\/www.scenarii.be\/wp-content\/uploads\/2021\/03\/Mail-NB.png\" alt=\"\" class=\"wp-image-468 alignnone size-full\" width=\"79\" height=\"46\" \/><\/a><\/p>\n<\/div><\/div><\/div><div class=\"et_pb_column_15 et_pb_column et_pb_column_1_3 et-last-child et_block_column et_pb_css_mix_blend_mode_passthrough\"><div class=\"et_pb_image_0 et_pb_image et_pb_module et_block_module\"><span class=\"et_pb_image_wrap\"><img loading=\"lazy\" decoding=\"async\" src=\"https:\/\/www.scenarii.be\/wp-content\/uploads\/2021\/03\/Logo-Sii_bl.png\" width=\"80\" height=\"113\" srcset=\"https:\/\/www.scenarii.be\/wp-content\/uploads\/2021\/03\/Logo-Sii_bl.png 80w\" sizes=\"(max-width: 80px) 100vw, 80px\" class=\"wp-image-520\" title=\"Logo-Sii_bl\" \/><\/span><\/div><\/div><\/div><div class=\"et_pb_row_8 et_pb_row et_block_row\"><div class=\"et_pb_column_16 et_pb_column et_pb_column_4_4 et-last-child et_block_column et_pb_css_mix_blend_mode_passthrough\"><div class=\"et_pb_divider_2 et_pb_divider et_pb_space et_pb_divider_position_top et_pb_module\"><div class=\"et_pb_divider_internal\"><\/div><\/div><div class=\"et_pb_text_17 et_pb_text et_pb_bg_layout_light et_pb_module et_block_module\"><div class=\"et_pb_text_inner\"><p style=\"text-align: center;\">\u00a9 Scenarii ASBL<\/p>\n<\/div><\/div><\/div><\/div><\/div>\n","protected":false},"excerpt":{"rendered":"","protected":false},"author":1,"featured_media":0,"parent":0,"menu_order":0,"comment_status":"closed","ping_status":"closed","template":"page-template-blank.php","meta":{"footnotes":""},"class_list":["post-322","page","type-page","status-publish","hentry"],"_links":{"self":[{"href":"https:\/\/www.scenarii.be\/enfance\/wp-json\/wp\/v2\/pages\/322","targetHints":{"allow":["GET"]}}],"collection":[{"href":"https:\/\/www.scenarii.be\/enfance\/wp-json\/wp\/v2\/pages"}],"about":[{"href":"https:\/\/www.scenarii.be\/enfance\/wp-json\/wp\/v2\/types\/page"}],"author":[{"embeddable":true,"href":"https:\/\/www.scenarii.be\/enfance\/wp-json\/wp\/v2\/users\/1"}],"replies":[{"embeddable":true,"href":"https:\/\/www.scenarii.be\/enfance\/wp-json\/wp\/v2\/comments?post=322"}],"version-history":[{"count":110,"href":"https:\/\/www.scenarii.be\/enfance\/wp-json\/wp\/v2\/pages\/322\/revisions"}],"predecessor-version":[{"id":664,"href":"https:\/\/www.scenarii.be\/enfance\/wp-json\/wp\/v2\/pages\/322\/revisions\/664"}],"wp:attachment":[{"href":"https:\/\/www.scenarii.be\/enfance\/wp-json\/wp\/v2\/media?parent=322"}],"curies":[{"name":"wp","href":"https:\/\/api.w.org\/{rel}","templated":true}]}}